{"id":17973,"date":"2023-02-28T16:52:58","date_gmt":"2023-02-28T16:52:58","guid":{"rendered":"https:\/\/www.ugomulas.org\/news\/"},"modified":"2023-04-26T10:31:53","modified_gmt":"2023-04-26T10:31:53","slug":"news","status":"publish","type":"page","link":"https:\/\/staging.ugomulas.org\/en\/news\/","title":{"rendered":"News"},"content":{"rendered":"\t\t<div data-elementor-type=\"wp-page\" data-elementor-id=\"17973\" class=\"elementor elementor-17973 elementor-628\" data-elementor-post-type=\"page\">\n\t\t\t\t\t\t<section class=\"elementor-section elementor-top-section elementor-element elementor-element-7a748d5 elementor-section-boxed elementor-section-height-default elementor-section-height-default\" data-id=\"7a748d5\" data-element_type=\"section\" data-e-type=\"section\">\n\t\t\t\t\t\t<div class=\"elementor-container elementor-column-gap-default\">\n\t\t\t\t\t<div class=\"elementor-column elementor-col-100 elementor-top-column elementor-element elementor-element-e3a04c6\" data-id=\"e3a04c6\" data-element_type=\"column\" data-e-type=\"column\">\n\t\t\t<div class=\"elementor-widget-wrap elementor-element-populated\">\n\t\t\t\t\t\t<div class=\"elementor-element elementor-element-136be31 elementor-widget elementor-widget-spacer\" data-id=\"136be31\" data-element_type=\"widget\" data-e-type=\"widget\" data-widget_type=\"spacer.default\">\n\t\t\t\t<div class=\"elementor-widget-container\">\n\t\t\t\t\t\t\t<div class=\"elementor-spacer\">\n\t\t\t<div class=\"elementor-spacer-inner\"><\/div>\n\t\t<\/div>\n\t\t\t\t\t\t<\/div>\n\t\t\t\t<\/div>\n\t\t\t\t<div class=\"elementor-element elementor-element-81e428e elementor-grid-3 elementor-grid-tablet-2 elementor-grid-mobile-1 elementor-widget elementor-widget-elementor-blog-posts\" data-id=\"81e428e\" data-element_type=\"widget\" data-e-type=\"widget\" data-settings=\"{&quot;columns&quot;:&quot;3&quot;,&quot;columns_tablet&quot;:&quot;2&quot;,&quot;columns_mobile&quot;:&quot;1&quot;}\" data-widget_type=\"elementor-blog-posts.default\">\n\t\t\t\t<div class=\"elementor-widget-container\">\n\t\t\t\t\t\t\t<div class=\"wpcap-grid\">\n\t\t\t\t\t\t<div class=\"wpcap-grid-container elementor-grid wpcap-grid-desktop-3 wpcap-grid-tablet-2 wpcap-grid-mobile-1 grid-meta-bottom\">\n\n\t\t\t\t\n        <article id=\"post-18394\" class=\"wpcap-post post-18394 post type-post status-publish format-standard has-post-thumbnail hentry category-exhibitions\">\n         \n            <div class=\"post-grid-inner\">\n            \t\n            \t\t\t\t<div class=\"post-grid-thumbnail\">\n\t\t\t\t<a href=\"https:\/\/staging.ugomulas.org\/en\/artribune-con-ugo-mulas-ne-le-stanze-della-fotografia-a-venezia\/\">\n\t\t\t\t\t<img fetchpriority=\"high\" decoding=\"async\" width=\"1134\" height=\"1298\" src=\"https:\/\/staging.ugomulas.org\/wp-content\/uploads\/2023\/04\/ARTRIBUNE_2.png\" class=\"attachment-full size-full wp-post-image\" alt=\"\" srcset=\"https:\/\/staging.ugomulas.org\/wp-content\/uploads\/2023\/04\/ARTRIBUNE_2.png 1134w, https:\/\/staging.ugomulas.org\/wp-content\/uploads\/2023\/04\/ARTRIBUNE_2-262x300.png 262w, https:\/\/staging.ugomulas.org\/wp-content\/uploads\/2023\/04\/ARTRIBUNE_2-895x1024.png 895w, https:\/\/staging.ugomulas.org\/wp-content\/uploads\/2023\/04\/ARTRIBUNE_2-768x879.png 768w\" sizes=\"(max-width: 1134px) 100vw, 1134px\" \/>\t\t\t\t<\/a>\n\t\t\t<\/div>\n        \n                <div class=\"post-grid-text-wrap\">\n               \t\t\t\t<h3 class=\"title\">\n\t\t\t<a href=\"https:\/\/staging.ugomulas.org\/en\/artribune-con-ugo-mulas-ne-le-stanze-della-fotografia-a-venezia\/\">Artribune, Con Ugo Mulas ne Le Stanze della Fotografia a Venezia<\/a>\n\t\t<\/h3>\n\t\t\t                \t\t<div class=\"post-grid-excerpt\">\n\t\t\t<p>Artribune Isola di San Giorgio Maggiore, vista laguna: in questo panorama unico al mondo, aprono\u00a0Le Stanze della Fotografia, iniziativa congiunta di\u00a0Marsilio Arte\u00a0e\u00a0Fondazione Giorgio Cini. Nei<\/p>\n\t\t<\/div>\n\t\t\t                \t\t<a class=\"read-more-btn\" href=\"https:\/\/staging.ugomulas.org\/en\/artribune-con-ugo-mulas-ne-le-stanze-della-fotografia-a-venezia\/\">Leggi di pi\u00f9 \u00bb<\/a>\n\t\t                <\/div>\n\n                \n            <\/div><!-- .blog-inner -->\n           \n        <\/article>\n\n        \n        <article id=\"post-18108\" class=\"wpcap-post post-18108 post type-post status-publish format-standard has-post-thumbnail hentry category-exhibitions category-non-categorizzato\">\n         \n            <div class=\"post-grid-inner\">\n            \t\n            \t\t\t\t<div class=\"post-grid-thumbnail\">\n\t\t\t\t<a href=\"https:\/\/staging.ugomulas.org\/en\/ugo-mulas-loperazione-fotografica-marsilio-2\/\">\n\t\t\t\t\t<img decoding=\"async\" width=\"2380\" height=\"2560\" src=\"https:\/\/staging.ugomulas.org\/wp-content\/uploads\/2023\/03\/mulas_sole24ore-scaled.jpg\" class=\"attachment-full size-full wp-post-image\" alt=\"\" srcset=\"https:\/\/staging.ugomulas.org\/wp-content\/uploads\/2023\/03\/mulas_sole24ore-scaled.jpg 2380w, https:\/\/staging.ugomulas.org\/wp-content\/uploads\/2023\/03\/mulas_sole24ore-279x300.jpg 279w, https:\/\/staging.ugomulas.org\/wp-content\/uploads\/2023\/03\/mulas_sole24ore-952x1024.jpg 952w, https:\/\/staging.ugomulas.org\/wp-content\/uploads\/2023\/03\/mulas_sole24ore-768x826.jpg 768w, https:\/\/staging.ugomulas.org\/wp-content\/uploads\/2023\/03\/mulas_sole24ore-1428x1536.jpg 1428w, https:\/\/staging.ugomulas.org\/wp-content\/uploads\/2023\/03\/mulas_sole24ore-1904x2048.jpg 1904w\" sizes=\"(max-width: 2380px) 100vw, 2380px\" \/>\t\t\t\t<\/a>\n\t\t\t<\/div>\n        \n                <div class=\"post-grid-text-wrap\">\n               \t\t\t\t<h3 class=\"title\">\n\t\t\t<a href=\"https:\/\/staging.ugomulas.org\/en\/ugo-mulas-loperazione-fotografica-marsilio-2\/\">Il Sole 24 ore &#8211; La molteplicit\u00e0 di Ugo Mulas, il fotografo del processo<\/a>\n\t\t<\/h3>\n\t\t\t                \t\t<div class=\"post-grid-excerpt\">\n\t\t\t<p>La molteplicit\u00e0 di Ugo Mulas, il fotografo del processo Venezia, 29 marzo 2023 \u00c8 una mostra sola, per quanto vasta, ma potrebbe essere cinque o<\/p>\n\t\t<\/div>\n\t\t\t                \t\t<a class=\"read-more-btn\" href=\"https:\/\/staging.ugomulas.org\/en\/ugo-mulas-loperazione-fotografica-marsilio-2\/\">Leggi di pi\u00f9 \u00bb<\/a>\n\t\t                <\/div>\n\n                \n            <\/div><!-- .blog-inner -->\n           \n        <\/article>\n\n        \n        <article id=\"post-18109\" class=\"wpcap-post post-18109 post type-post status-publish format-standard has-post-thumbnail hentry category-exhibitions category-non-categorizzato\">\n         \n            <div class=\"post-grid-inner\">\n            \t\n            \t\t\t\t<div class=\"post-grid-thumbnail\">\n\t\t\t\t<a href=\"https:\/\/staging.ugomulas.org\/en\/ugo-mulas-loperazione-fotografica-marsilio\/\">\n\t\t\t\t\t<img decoding=\"async\" width=\"375\" height=\"457\" src=\"https:\/\/staging.ugomulas.org\/wp-content\/uploads\/2023\/03\/Senza-titolo.jpg\" class=\"attachment-full size-full wp-post-image\" alt=\"\" srcset=\"https:\/\/staging.ugomulas.org\/wp-content\/uploads\/2023\/03\/Senza-titolo.jpg 375w, https:\/\/staging.ugomulas.org\/wp-content\/uploads\/2023\/03\/Senza-titolo-246x300.jpg 246w\" sizes=\"(max-width: 375px) 100vw, 375px\" \/>\t\t\t\t<\/a>\n\t\t\t<\/div>\n        \n                <div class=\"post-grid-text-wrap\">\n               \t\t\t\t<h3 class=\"title\">\n\t\t\t<a href=\"https:\/\/staging.ugomulas.org\/en\/ugo-mulas-loperazione-fotografica-marsilio\/\">Ugo Mulas. L\u2019operazione fotografica  Marsilio<\/a>\n\t\t<\/h3>\n\t\t\t                \t\t<div class=\"post-grid-excerpt\">\n\t\t\t<p>Ugo Mulas\u00a0 L\u2019operazione fotografica A cura di Denis Curti e Alberto Salvadori In libreria dal 7 aprile 2023 Il catalogo, edito in occasione dell\u2019omonima retrospettiva<\/p>\n\t\t<\/div>\n\t\t\t                \t\t<a class=\"read-more-btn\" href=\"https:\/\/staging.ugomulas.org\/en\/ugo-mulas-loperazione-fotografica-marsilio\/\">Leggi di pi\u00f9 \u00bb<\/a>\n\t\t                <\/div>\n\n                \n            <\/div><!-- .blog-inner -->\n           \n        <\/article>\n\n        \n        <article id=\"post-18110\" class=\"wpcap-post post-18110 post type-post status-publish format-standard has-post-thumbnail hentry category-exhibitions category-non-categorizzato\">\n         \n            <div class=\"post-grid-inner\">\n            \t\n            \t\t\t\t<div class=\"post-grid-thumbnail\">\n\t\t\t\t<a href=\"https:\/\/staging.ugomulas.org\/en\/loperazione-fotografica\/\">\n\t\t\t\t\t<img loading=\"lazy\" decoding=\"async\" width=\"549\" height=\"780\" src=\"https:\/\/staging.ugomulas.org\/wp-content\/uploads\/2023\/03\/locandina-1.jpg\" class=\"attachment-full size-full wp-post-image\" alt=\"\" srcset=\"https:\/\/staging.ugomulas.org\/wp-content\/uploads\/2023\/03\/locandina-1.jpg 549w, https:\/\/staging.ugomulas.org\/wp-content\/uploads\/2023\/03\/locandina-1-211x300.jpg 211w\" sizes=\"(max-width: 549px) 100vw, 549px\" \/>\t\t\t\t<\/a>\n\t\t\t<\/div>\n        \n                <div class=\"post-grid-text-wrap\">\n               \t\t\t\t<h3 class=\"title\">\n\t\t\t<a href=\"https:\/\/staging.ugomulas.org\/en\/loperazione-fotografica\/\">Ugo Mulas. L\u2019operazione fotografica  dal 29 marzo al 6 agosto 2023<\/a>\n\t\t<\/h3>\n\t\t\t                \t\t<div class=\"post-grid-excerpt\">\n\t\t\t<p>La mostra Ugo Mulas.\u00a0 L\u2019operazione fotografica, presentata alla stampa marted\u00ec 28 marzo 2023, in occasione dell\u2019inaugurazione del nuovo centro Le Stanze della Fotografia, \u00e8 realizzata<\/p>\n\t\t<\/div>\n\t\t\t                \t\t<a class=\"read-more-btn\" href=\"https:\/\/staging.ugomulas.org\/en\/loperazione-fotografica\/\">Leggi di pi\u00f9 \u00bb<\/a>\n\t\t                <\/div>\n\n                \n            <\/div><!-- .blog-inner -->\n           \n        <\/article>\n\n        \n\t\t\t<\/div>\n\t\t<\/div>\n\t\t\t\t\t\t<\/div>\n\t\t\t\t<\/div>\n\t\t\t\t\t<\/div>\n\t\t<\/div>\n\t\t\t\t\t<\/div>\n\t\t<\/section>\n\t\t\t\t<\/div>\n\t\t","protected":false},"excerpt":{"rendered":"<p>Il Sole 24 ore &#8211; La molteplicit\u00e0 di Ugo Mulas, il fotografo del processo La molteplicit\u00e0 di Ugo Mulas, il fotografo del processo Venezia, 29 marzo 2023 \u00c8 una mostra sola, per quanto vasta, ma potrebbe essere cinque o Leggi di pi\u00f9 \u00bb Ugo Mulas. L\u2019operazione fotografica Marsilio Ugo Mulas\u00a0 L\u2019operazione fotografica A cura di [&hellip;]<\/p>\n","protected":false},"author":1,"featured_media":0,"parent":0,"menu_order":0,"comment_status":"closed","ping_status":"closed","template":"","meta":{"footnotes":""},"class_list":["post-17973","page","type-page","status-publish","hentry"],"yoast_head":"<!-- This site is optimized with the Yoast SEO plugin v27.5 - https:\/\/yoast.com\/product\/yoast-seo-wordpress\/ -->\n<title>News - Ugo Mulas<\/title>\n<meta name=\"robots\" content=\"noindex, follow, max-snippet:-1, max-image-preview:large, max-video-preview:-1\" \/>\n<meta property=\"og:locale\" content=\"en_US\" \/>\n<meta property=\"og:type\" content=\"article\" \/>\n<meta property=\"og:title\" content=\"News - Ugo Mulas\" \/>\n<meta property=\"og:description\" content=\"Il Sole 24 ore &#8211; La molteplicit\u00e0 di Ugo Mulas, il fotografo del processo La molteplicit\u00e0 di Ugo Mulas, il fotografo del processo Venezia, 29 marzo 2023 \u00c8 una mostra sola, per quanto vasta, ma potrebbe essere cinque o Leggi di pi\u00f9 \u00bb Ugo Mulas. L\u2019operazione fotografica Marsilio Ugo Mulas\u00a0 L\u2019operazione fotografica A cura di [&hellip;]\" \/>\n<meta property=\"og:url\" content=\"https:\/\/staging.ugomulas.org\/en\/news\/\" \/>\n<meta property=\"og:site_name\" content=\"Ugo Mulas\" \/>\n<meta property=\"article:modified_time\" content=\"2023-04-26T10:31:53+00:00\" \/>\n<meta property=\"og:image\" content=\"https:\/\/staging.ugomulas.org\/wp-content\/uploads\/2023\/03\/mulas_sole24ore-scaled.jpg\" \/>\n<meta name=\"twitter:card\" content=\"summary_large_image\" \/>\n<script type=\"application\/ld+json\" class=\"yoast-schema-graph\">{\"@context\":\"https:\\\/\\\/schema.org\",\"@graph\":[{\"@type\":\"WebPage\",\"@id\":\"https:\\\/\\\/staging.ugomulas.org\\\/en\\\/news\\\/\",\"url\":\"https:\\\/\\\/staging.ugomulas.org\\\/en\\\/news\\\/\",\"name\":\"News - Ugo Mulas\",\"isPartOf\":{\"@id\":\"https:\\\/\\\/staging.ugomulas.org\\\/en\\\/#website\"},\"primaryImageOfPage\":{\"@id\":\"https:\\\/\\\/staging.ugomulas.org\\\/en\\\/news\\\/#primaryimage\"},\"image\":{\"@id\":\"https:\\\/\\\/staging.ugomulas.org\\\/en\\\/news\\\/#primaryimage\"},\"thumbnailUrl\":\"https:\\\/\\\/staging.ugomulas.org\\\/wp-content\\\/uploads\\\/2023\\\/03\\\/mulas_sole24ore-scaled.jpg\",\"datePublished\":\"2023-02-28T16:52:58+00:00\",\"dateModified\":\"2023-04-26T10:31:53+00:00\",\"breadcrumb\":{\"@id\":\"https:\\\/\\\/staging.ugomulas.org\\\/en\\\/news\\\/#breadcrumb\"},\"inLanguage\":\"en-US\",\"potentialAction\":[{\"@type\":\"ReadAction\",\"target\":[\"https:\\\/\\\/staging.ugomulas.org\\\/en\\\/news\\\/\"]}]},{\"@type\":\"ImageObject\",\"inLanguage\":\"en-US\",\"@id\":\"https:\\\/\\\/staging.ugomulas.org\\\/en\\\/news\\\/#primaryimage\",\"url\":\"https:\\\/\\\/staging.ugomulas.org\\\/wp-content\\\/uploads\\\/2023\\\/03\\\/mulas_sole24ore-scaled.jpg\",\"contentUrl\":\"https:\\\/\\\/staging.ugomulas.org\\\/wp-content\\\/uploads\\\/2023\\\/03\\\/mulas_sole24ore-scaled.jpg\"},{\"@type\":\"BreadcrumbList\",\"@id\":\"https:\\\/\\\/staging.ugomulas.org\\\/en\\\/news\\\/#breadcrumb\",\"itemListElement\":[{\"@type\":\"ListItem\",\"position\":1,\"name\":\"Home\",\"item\":\"https:\\\/\\\/staging.ugomulas.org\\\/en\\\/\"},{\"@type\":\"ListItem\",\"position\":2,\"name\":\"News\"}]},{\"@type\":\"WebSite\",\"@id\":\"https:\\\/\\\/staging.ugomulas.org\\\/en\\\/#website\",\"url\":\"https:\\\/\\\/staging.ugomulas.org\\\/en\\\/\",\"name\":\"Ugo Mulas\",\"description\":\"Ugo Mulas - archivio\",\"publisher\":{\"@id\":\"https:\\\/\\\/staging.ugomulas.org\\\/en\\\/#organization\"},\"potentialAction\":[{\"@type\":\"SearchAction\",\"target\":{\"@type\":\"EntryPoint\",\"urlTemplate\":\"https:\\\/\\\/staging.ugomulas.org\\\/en\\\/?s={search_term_string}\"},\"query-input\":{\"@type\":\"PropertyValueSpecification\",\"valueRequired\":true,\"valueName\":\"search_term_string\"}}],\"inLanguage\":\"en-US\"},{\"@type\":\"Organization\",\"@id\":\"https:\\\/\\\/staging.ugomulas.org\\\/en\\\/#organization\",\"name\":\"Archivio\",\"url\":\"https:\\\/\\\/staging.ugomulas.org\\\/en\\\/\",\"logo\":{\"@type\":\"ImageObject\",\"inLanguage\":\"en-US\",\"@id\":\"https:\\\/\\\/staging.ugomulas.org\\\/en\\\/#\\\/schema\\\/logo\\\/image\\\/\",\"url\":\"https:\\\/\\\/staging.ugomulas.org\\\/wp-content\\\/uploads\\\/2023\\\/02\\\/UGO-Mulas-logo.svg\",\"contentUrl\":\"https:\\\/\\\/staging.ugomulas.org\\\/wp-content\\\/uploads\\\/2023\\\/02\\\/UGO-Mulas-logo.svg\",\"width\":507,\"height\":91,\"caption\":\"Archivio\"},\"image\":{\"@id\":\"https:\\\/\\\/staging.ugomulas.org\\\/en\\\/#\\\/schema\\\/logo\\\/image\\\/\"}}]}<\/script>\n<!-- \/ Yoast SEO plugin. -->","yoast_head_json":{"title":"News - Ugo Mulas","robots":{"index":"noindex","follow":"follow","max-snippet":"max-snippet:-1","max-image-preview":"max-image-preview:large","max-video-preview":"max-video-preview:-1"},"og_locale":"en_US","og_type":"article","og_title":"News - Ugo Mulas","og_description":"Il Sole 24 ore &#8211; La molteplicit\u00e0 di Ugo Mulas, il fotografo del processo La molteplicit\u00e0 di Ugo Mulas, il fotografo del processo Venezia, 29 marzo 2023 \u00c8 una mostra sola, per quanto vasta, ma potrebbe essere cinque o Leggi di pi\u00f9 \u00bb Ugo Mulas. L\u2019operazione fotografica Marsilio Ugo Mulas\u00a0 L\u2019operazione fotografica A cura di [&hellip;]","og_url":"https:\/\/staging.ugomulas.org\/en\/news\/","og_site_name":"Ugo Mulas","article_modified_time":"2023-04-26T10:31:53+00:00","og_image":[{"url":"https:\/\/staging.ugomulas.org\/wp-content\/uploads\/2023\/03\/mulas_sole24ore-scaled.jpg","type":"","width":"","height":""}],"twitter_card":"summary_large_image","schema":{"@context":"https:\/\/schema.org","@graph":[{"@type":"WebPage","@id":"https:\/\/staging.ugomulas.org\/en\/news\/","url":"https:\/\/staging.ugomulas.org\/en\/news\/","name":"News - Ugo Mulas","isPartOf":{"@id":"https:\/\/staging.ugomulas.org\/en\/#website"},"primaryImageOfPage":{"@id":"https:\/\/staging.ugomulas.org\/en\/news\/#primaryimage"},"image":{"@id":"https:\/\/staging.ugomulas.org\/en\/news\/#primaryimage"},"thumbnailUrl":"https:\/\/staging.ugomulas.org\/wp-content\/uploads\/2023\/03\/mulas_sole24ore-scaled.jpg","datePublished":"2023-02-28T16:52:58+00:00","dateModified":"2023-04-26T10:31:53+00:00","breadcrumb":{"@id":"https:\/\/staging.ugomulas.org\/en\/news\/#breadcrumb"},"inLanguage":"en-US","potentialAction":[{"@type":"ReadAction","target":["https:\/\/staging.ugomulas.org\/en\/news\/"]}]},{"@type":"ImageObject","inLanguage":"en-US","@id":"https:\/\/staging.ugomulas.org\/en\/news\/#primaryimage","url":"https:\/\/staging.ugomulas.org\/wp-content\/uploads\/2023\/03\/mulas_sole24ore-scaled.jpg","contentUrl":"https:\/\/staging.ugomulas.org\/wp-content\/uploads\/2023\/03\/mulas_sole24ore-scaled.jpg"},{"@type":"BreadcrumbList","@id":"https:\/\/staging.ugomulas.org\/en\/news\/#breadcrumb","itemListElement":[{"@type":"ListItem","position":1,"name":"Home","item":"https:\/\/staging.ugomulas.org\/en\/"},{"@type":"ListItem","position":2,"name":"News"}]},{"@type":"WebSite","@id":"https:\/\/staging.ugomulas.org\/en\/#website","url":"https:\/\/staging.ugomulas.org\/en\/","name":"Ugo Mulas","description":"Ugo Mulas - archivio","publisher":{"@id":"https:\/\/staging.ugomulas.org\/en\/#organization"},"potentialAction":[{"@type":"SearchAction","target":{"@type":"EntryPoint","urlTemplate":"https:\/\/staging.ugomulas.org\/en\/?s={search_term_string}"},"query-input":{"@type":"PropertyValueSpecification","valueRequired":true,"valueName":"search_term_string"}}],"inLanguage":"en-US"},{"@type":"Organization","@id":"https:\/\/staging.ugomulas.org\/en\/#organization","name":"Archivio","url":"https:\/\/staging.ugomulas.org\/en\/","logo":{"@type":"ImageObject","inLanguage":"en-US","@id":"https:\/\/staging.ugomulas.org\/en\/#\/schema\/logo\/image\/","url":"https:\/\/staging.ugomulas.org\/wp-content\/uploads\/2023\/02\/UGO-Mulas-logo.svg","contentUrl":"https:\/\/staging.ugomulas.org\/wp-content\/uploads\/2023\/02\/UGO-Mulas-logo.svg","width":507,"height":91,"caption":"Archivio"},"image":{"@id":"https:\/\/staging.ugomulas.org\/en\/#\/schema\/logo\/image\/"}}]}},"_links":{"self":[{"href":"https:\/\/staging.ugomulas.org\/en\/wp-json\/wp\/v2\/pages\/17973","targetHints":{"allow":["GET"]}}],"collection":[{"href":"https:\/\/staging.ugomulas.org\/en\/wp-json\/wp\/v2\/pages"}],"about":[{"href":"https:\/\/staging.ugomulas.org\/en\/wp-json\/wp\/v2\/types\/page"}],"author":[{"embeddable":true,"href":"https:\/\/staging.ugomulas.org\/en\/wp-json\/wp\/v2\/users\/1"}],"replies":[{"embeddable":true,"href":"https:\/\/staging.ugomulas.org\/en\/wp-json\/wp\/v2\/comments?post=17973"}],"version-history":[{"count":5,"href":"https:\/\/staging.ugomulas.org\/en\/wp-json\/wp\/v2\/pages\/17973\/revisions"}],"predecessor-version":[{"id":18118,"href":"https:\/\/staging.ugomulas.org\/en\/wp-json\/wp\/v2\/pages\/17973\/revisions\/18118"}],"wp:attachment":[{"href":"https:\/\/staging.ugomulas.org\/en\/wp-json\/wp\/v2\/media?parent=17973"}],"curies":[{"name":"wp","href":"https:\/\/api.w.org\/{rel}","templated":true}]}}