{"id":3,"date":"2023-02-17T13:43:40","date_gmt":"2023-02-17T13:43:40","guid":{"rendered":"https:\/\/www.ugomulas.org\/?page_id=3"},"modified":"2023-03-11T11:31:29","modified_gmt":"2023-03-11T11:31:29","slug":"privacy","status":"publish","type":"page","link":"https:\/\/staging.ugomulas.org\/en\/privacy\/","title":{"rendered":"Privacy"},"content":{"rendered":"\t\t<div data-elementor-type=\"wp-page\" data-elementor-id=\"3\" class=\"elementor elementor-3\" data-elementor-post-type=\"page\">\n\t\t\t\t\t\t<section class=\"elementor-section elementor-top-section elementor-element elementor-element-502232d0 elementor-section-full_width elementor-section-height-default elementor-section-height-default\" data-id=\"502232d0\" data-element_type=\"section\" data-e-type=\"section\">\n\t\t\t\t\t\t<div class=\"elementor-container elementor-column-gap-default\">\n\t\t\t\t\t<div class=\"elementor-column elementor-col-100 elementor-top-column elementor-element elementor-element-58f8f076\" data-id=\"58f8f076\" data-element_type=\"column\" data-e-type=\"column\">\n\t\t\t<div class=\"elementor-widget-wrap elementor-element-populated\">\n\t\t\t\t\t\t<div class=\"elementor-element elementor-element-7a45820d elementor-widget elementor-widget-text-editor\" data-id=\"7a45820d\" data-element_type=\"widget\" data-e-type=\"widget\" data-widget_type=\"text-editor.default\">\n\t\t\t\t<div class=\"elementor-widget-container\">\n\t\t\t\t\t\t\t\t\t<div>\n<div>\n<p><strong>Accettazione cookie e privacy policy<\/strong><\/p>\n<p>La presente Informativa si applica esclusivamente alle attivit\u00e0 online del presente sito ed \u00e8 valida per i visitatori del sito. Non si applica alle informazioni raccolte tramite canali diversi dal presente sito web. Lo scopo dell\u2019informativa privacy \u00e8 di fornire la massima trasparenza relativamente alle informazioni che il sito raccoglie e come le usa in ottemperanza degli obblighi derivanti dalla normativa nazionale (D. Lgs 30 giugno 2003 n. 196, Codice in materia di protezione dei dati personali) e comunitaria, (Regolamento europeo per la protezione dei dati personali n. 679\/2016, GDPR) e successive modifiche.<br>Il presente sito rispetta e tutela la riservatezza dei visitatori, ponendo in essere ogni sforzo possibile e proporzionato per non ledere i diritti degli utenti.<\/p>\n<p>Se hai meno di 16 anni richiedi il consenso di un tuo genitore\/tutore prima di inviare le tue informazioni personali a questo sito. Se abbiamo motivo di ritenere che uno dei nostri utenti sia minorenne e che abbiamo ottenuto i suoi dati personali senza il dovuto consenso, cancelleremo tali dati entro un termine di tempo ragionevole.<\/p>\n<p>Raccogliamo, archiviamo e utilizziamo i dati personali che ci fornisci direttamente quando navighi sul nostro sito o compili il form di contatto.<\/p>\n<p><b>Titolare del Trattamento \u00e8&nbsp;<span style=\"color: rgb(0, 0, 0); font-family: &quot;Open Sans&quot;, sans-serif; font-size: 17px;\">Archivio Ugo Mulas&nbsp;<\/span><span style=\"color: rgb(0, 0, 0); font-family: &quot;Open Sans&quot;, sans-serif; font-size: 17px;\">Via G.B. Piranesi, 10 &#8211;&nbsp;<\/span><span style=\"color: rgb(0, 0, 0); font-family: &quot;Open Sans&quot;, sans-serif; font-size: 17px;\">20137 \u2013 Milano<\/span><\/b><\/p>\n<p>Il presente sito tratta i dati in base al consenso. Con l\u2019uso o la consultazione del presente sito i visitatori e gli utenti approvano esplicitamente la presente Informativa Privacy e acconsentono al trattamento dei loro dati personali in relazione alle modalit\u00e0 e alle finalit\u00e0 di seguito descritte, compreso l\u2019eventuale diffusione a terzi se necessaria per l\u2019erogazione di un servizio.<br>Il conferimento dei dati e quindi il consenso alla loro raccolta e trattamento \u00e8 facoltativo.<br>L\u2019utente pu\u00f2 negare il consenso e pu\u00f2 revocare in qualsiasi momento un consenso gi\u00e0 fornito. Negare il consenso pu\u00f2 comportare l\u2019impossibilit\u00e0 di erogare alcuni servizi e l\u2019esperienza di navigazione nel sito potrebbe essere compromessa.<\/p>\n<p>Il presente sito fa uso di log files nei quali vengono conservate informazioni raccolte in maniera automatizzata durante le visite degli utenti. Le informazioni raccolte potrebbero essere le seguenti:<br>\u2013 indirizzo internet protocol (IP);<br>\u2013 tipo di browser e parametri del dispositivo usato per connettersi al sito;<br>\u2013 nome dell\u2019internet service provider (ISP);<br>\u2013 data e orario di visita;<br>\u2013 pagina web di provenienza del visitatore (referral) e di uscita; eventualmente il numero di click.<br>Tali informazioni sono trattate in forma automatizzata e raccolte in forma esclusivamente aggregata al fine di verificare il corretto funzionamento del sito e per motivi di sicurezza.<br>A fini di sicurezza (filtri antispam, firewall, rilevazione virus), i dati registrati automaticamente possono comprendere anche dati personali come l\u2019indirizzo IP che potrebbe essere utilizzato, conformemente alle leggi vigenti in materia, al fine di bloccare tentativi di danneggiamento al sito medesimo o di recare danno ad altri utenti o comunque attivit\u00e0 dannose o costituenti reato. Tali informazioni saranno trattate in base ai legittimi<br>interessi del titolare.<br>I dati che raccogliamo da tutti i visitatori sono informazioni tecniche sull\u2019utilizzo del sito, il tipo e la versione del browser, il sistema operativo.<\/p>\n<p><strong>Su quale base giuridica trattiamo i tuoi dati<\/strong><\/p>\n<p>Quando trattiamo i tuoi dati personali per gli scopi indicati in questa Informativa ci basiamo su i seguenti fondamenti giuridici:<br><strong>\u2022 Dati generati dall\u2019accesso al sito.<\/strong> I sistemi informatici e le procedure software di questo sito acquisiscono, nel corso del loro normale esercizio, alcuni dati personali la cui trasmissione \u00e8 implicita nell\u2019uso dei protocolli di comunicazione di Internet. I dati (ad esempio nomi di dominio, indirizzi IP, sistema operativo utilizzato, tipo di device di browser utilizzati per la connessione) non sono accompagnati da alcuna informazione personale aggiuntiva e vengono utilizzati per:<\/p>\n<p>i) ricavare informazioni statistiche anonime sull\u2019uso del sito;<\/p>\n<p>ii) gestire esigenze di controllo delle modalit\u00e0 di<br>utilizzo dello stesso,<\/p>\n<p>iii) accertare responsabilit\u00e0 in caso di ipotetici reati informatici.La base giuridica che legittima il trattamento di tali dati \u00e8 la necessit\u00e0 di rendere utilizzabili le funzionalit\u00e0 del sito a seguito dell\u2019accesso dell\u2019utente.<\/p>\n<p><strong>Consenso<\/strong><\/p>\n<p>Chiediamo il tuo consenso per utilizzare i tuoi dati, per l\u2019invio periodico, tramite e-mail, di newsletter e materiale pubblicitario; per ricevere aggiornamenti sulle nostre attivit\u00e0 o per ricevere comunicazioni promozionali e per pubblicit\u00e0 mirata e profilazione. La base giuridica che legittima il trattamento \u00e8 il consenso liberamente fornito dall\u2019interessato.<\/p>\n<p><strong>\u2022 Obblighi di legge:<\/strong> quando strettamente necessario, tratteremo i tuoi dati personali per ottemperare a un obbligo legale o fiscale vincolante.<\/p>\n<p><strong>Come utilizziamo i tuoi dati<\/strong><\/p>\n<p>Utilizziamo le informazioni personali che raccogliamo per fornirti il servizio richiesto, innovare la nostra tecnologia e ottimizzare la tua esperienza di navigazione.<\/p>\n<p><strong>Potremmo utilizzare i dati personali di tutti i visitatori del sito per:<\/strong><\/p>\n<p>Amministrare e migliorare il sito e ottimizzare la sua infrastruttura.<br>Analizzare il modo in cui utilizzi il sito utilizzando strumenti come Google Analytics e altri strumenti per aiutarci a testare le prestazioni del contenuto e la funzionalit\u00e0 del sito, capire i modelli di traffico e sapere se ci sono problemi sul sito.<\/p>\n<p>Ti invitiamo a prendere atto che quando compi un\u2019azione su questo sito, viene creato un tuo profilo utente virtuale tramite il quale puoi aggiornare i tuoi dati personali e le tue preferenze, permettendoci cos\u00ec di comunicare meglio con te.<\/p>\n<p><strong>Come condividiamo le tue informazioni<\/strong><\/p>\n<p>Non vendiamo i tuoi dati personali e li condividiamo solo con le parti descritte di seguito, come prescritto dalla legge o con terze parti di fiducia con il tuo permesso.<\/p>\n<p><strong>Come proteggiamo i tuoi dati<\/strong><\/p>\n<p>I tuoi dati possono essere trasferiti e conservati all\u2019estero.<br>Ci atteniamo alle pratiche standard del settore, come i firewall e la crittografia, per salvaguardare i tuoi dati personali dall\u2019accesso non autorizzato, dall\u2019alterazione, dalla divulgazione, dall\u2019uso improprio o dalla distruzione. Adottiamo misure ragionevoli per assicurare che i trasferimenti transfrontalieri di dati siano conformi alle leggi vigenti in materia di protezione dei dati e lavoriamo con processori di terze parti certificati nell\u2019ambito dell\u2019UE-USA Privacy Shield e dello Swiss-US Privacy Shield o che usano clausole contrattuali standard che vincolano le parti a proteggere la privacy e la sicurezza di dati.<br>Conserviamo i dati personali per tutto il tempo necessario allo scopo per il quale sono stati raccolti, se non diversamente richiesto dalla legge. Se chiedi di interrompere l\u2019invio di aggiornamenti e altre comunicazioni o di eliminare i tuoi dati, daremo seguito alla tua richiesta e conserveremo la minor quantit\u00e0 possibile di informazioni per prevenire frodi e far s\u00ec che tu non venga contattato nuovamente.<\/p>\n<p><strong>Quanto tempo conserviamo i tuoi dati<\/strong><\/p>\n<p>I dati vengono conservati per il tempo strettamente necessario alla gestione delle finalit\u00e0 per le quali sono raccolti nel rispetto delle norme vigenti e degli obblighi di legge.In ogni caso i dati saranno conservati per l\u2019espletamento degli obblighi fiscali previsti dalla legge e per gli adempimenti legali.<br>Decorso tale termine di conservazione, i dati saranno distrutti o resi anonimi.<\/p>\n<p><strong>Cosa succede se non dai il consenso al trattamento dei tuoi dati.<\/strong><\/p>\n<p>Il conferimento dei dati per la registrazione al sito \u00e8 meramente facoltativo ma necessario per l\u2019accesso all\u2019area riservata e, dunque, ai servizi offerti. Pertanto l\u2019iscrizione al sito implica l\u2019assenso al trattamento dei dati personali per le finalit\u00e0 di esecuzione del rapporto contrattuale e per le finalit\u00e0 di ordine amministrativo e contabile. Con riferimento alle altre finalit\u00e0 del trattamento l\u2019assenso al trattamento dei dati \u00e8 meramente facoltativo. In caso di mancato consenso al trattamento dei dati personali la nostra Societ\u00e0 potr\u00e0 comunque utilizzare i dati al solo fine di dare corretto adempimento agli obblighi previsti dalle leggi in vigore. Il consenso al trattamento dei dati per una o pi\u00f9 delle finalit\u00e0 sopra indicate potr\u00e0<br>essere revocato in qualsiasi momento mediante modifica dei dati di assenso al momento di ogni nuovo ingresso al tuo profilo personale sul sito.<\/p>\n<p><strong>Collegamenti a siti Internet di terzi <\/strong><\/p>\n<p>Possiamo fornire collegamenti ad altri siti web. La presente Informativa si riferisce solo al nostro sito. Non abbiamo alcun controllo sui siti web esterni e non siamo responsabili per il loro contenuto o la loro informativa sulla privacy. Ti invitiamo a leggere i termini di utilizzo e l\u2019informativa sulla privacy per tutti i siti di terzi che visiti tramite i link presenti su questo sito.<\/p>\n<p><strong>Luogo del trattamento<\/strong><\/p>\n<p>I dati raccolti da questo sito sono trattati presso la sede del Titolare del Trattamento epresso il datacenter del web Hosting i cui estremi sono consultabili su richiesta presso la sede del Titolare e che \u00e8 responsabile del trattamento dei dati, elaborando i dati per conto del titolare e si trova nello Spazio Economico Europeo e agisce in conformit\u00e0 delle norme europee..<\/p>\n<p><strong>Cookie di preferenza<\/strong><br>Memorizza le preferenze impostate dagli utenti come nome dell\u2019account, lingua, localizzazione e se l\u2019utente ha scelto di visualizzare la versione mobile di un sito.<br><strong>Cookie di statistica<\/strong><br>Raccoglie informazioni su come gli utenti interagiscono con i siti Web ospitati su WordPress, comprese le pagine che vengono visitate di pi\u00f9, cos\u00ec come altri dati analitici. Questi dettagli vengono utilizzati per migliorare le prestazioni delle funzioni del sito web.<br><strong>Cookie di marketing \/ monitoraggio<\/strong><br>Utilizzati per indirizzare la pubblicit\u00e0 ai visitatori su siti WordPress, nonch\u00e9 per monitorare il numero di visitatori. Tracciano i dettagli sui visitatori come il numero di visitatori unici, il numero di volte in cui sono stati visualizzati determinati annunci, il numero di clic ricevuti dagli annunci, e vengono utilizzati anche per misurare l\u2019efficacia delle campagne pubblicitarie creando profili utente dettagliati. Questi tipi di cookie sono impostati da reti di terze parti e sono generalmente di natura persistente.<\/p>\n<\/div>\n<\/div>\t\t\t\t\t\t\t\t<\/div>\n\t\t\t\t<\/div>\n\t\t\t\t\t<\/div>\n\t\t<\/div>\n\t\t\t\t\t<\/div>\n\t\t<\/section>\n\t\t\t\t<\/div>\n\t\t","protected":false},"excerpt":{"rendered":"<p>Accettazione cookie e privacy policy La presente Informativa si applica esclusivamente alle attivit\u00e0 online del presente sito ed \u00e8 valida per i visitatori del sito. Non si applica alle informazioni raccolte tramite canali diversi dal presente sito web. Lo scopo dell\u2019informativa privacy \u00e8 di fornire la massima trasparenza relativamente alle informazioni che il sito raccoglie [&hellip;]<\/p>\n","protected":false},"author":1,"featured_media":0,"parent":0,"menu_order":0,"comment_status":"closed","ping_status":"closed","template":"","meta":{"footnotes":""},"class_list":["post-3","page","type-page","status-publish","hentry"],"yoast_head":"<!-- This site is optimized with the Yoast SEO plugin v27.5 - https:\/\/yoast.com\/product\/yoast-seo-wordpress\/ -->\n<title>Privacy - Ugo Mulas<\/title>\n<meta name=\"robots\" content=\"noindex, follow, max-snippet:-1, max-image-preview:large, max-video-preview:-1\" \/>\n<meta property=\"og:locale\" content=\"en_US\" \/>\n<meta property=\"og:type\" content=\"article\" \/>\n<meta property=\"og:title\" content=\"Privacy - Ugo Mulas\" \/>\n<meta property=\"og:description\" content=\"Accettazione cookie e privacy policy La presente Informativa si applica esclusivamente alle attivit\u00e0 online del presente sito ed \u00e8 valida per i visitatori del sito. Non si applica alle informazioni raccolte tramite canali diversi dal presente sito web. Lo scopo dell\u2019informativa privacy \u00e8 di fornire la massima trasparenza relativamente alle informazioni che il sito raccoglie [&hellip;]\" \/>\n<meta property=\"og:url\" content=\"https:\/\/staging.ugomulas.org\/en\/privacy\/\" \/>\n<meta property=\"og:site_name\" content=\"Ugo Mulas\" \/>\n<meta property=\"article:modified_time\" content=\"2023-03-11T11:31:29+00:00\" \/>\n<meta name=\"twitter:card\" content=\"summary_large_image\" \/>\n<meta name=\"twitter:label1\" content=\"Est. reading time\" \/>\n\t<meta name=\"twitter:data1\" content=\"8 minutes\" \/>\n<script type=\"application\/ld+json\" class=\"yoast-schema-graph\">{\"@context\":\"https:\\\/\\\/schema.org\",\"@graph\":[{\"@type\":\"WebPage\",\"@id\":\"https:\\\/\\\/staging.ugomulas.org\\\/en\\\/privacy\\\/\",\"url\":\"https:\\\/\\\/staging.ugomulas.org\\\/en\\\/privacy\\\/\",\"name\":\"Privacy - Ugo Mulas\",\"isPartOf\":{\"@id\":\"https:\\\/\\\/staging.ugomulas.org\\\/en\\\/#website\"},\"datePublished\":\"2023-02-17T13:43:40+00:00\",\"dateModified\":\"2023-03-11T11:31:29+00:00\",\"breadcrumb\":{\"@id\":\"https:\\\/\\\/staging.ugomulas.org\\\/en\\\/privacy\\\/#breadcrumb\"},\"inLanguage\":\"en-US\",\"potentialAction\":[{\"@type\":\"ReadAction\",\"target\":[\"https:\\\/\\\/staging.ugomulas.org\\\/en\\\/privacy\\\/\"]}]},{\"@type\":\"BreadcrumbList\",\"@id\":\"https:\\\/\\\/staging.ugomulas.org\\\/en\\\/privacy\\\/#breadcrumb\",\"itemListElement\":[{\"@type\":\"ListItem\",\"position\":1,\"name\":\"Home\",\"item\":\"https:\\\/\\\/staging.ugomulas.org\\\/en\\\/\"},{\"@type\":\"ListItem\",\"position\":2,\"name\":\"Privacy\"}]},{\"@type\":\"WebSite\",\"@id\":\"https:\\\/\\\/staging.ugomulas.org\\\/en\\\/#website\",\"url\":\"https:\\\/\\\/staging.ugomulas.org\\\/en\\\/\",\"name\":\"Ugo Mulas\",\"description\":\"Ugo Mulas - archivio\",\"publisher\":{\"@id\":\"https:\\\/\\\/staging.ugomulas.org\\\/en\\\/#organization\"},\"potentialAction\":[{\"@type\":\"SearchAction\",\"target\":{\"@type\":\"EntryPoint\",\"urlTemplate\":\"https:\\\/\\\/staging.ugomulas.org\\\/en\\\/?s={search_term_string}\"},\"query-input\":{\"@type\":\"PropertyValueSpecification\",\"valueRequired\":true,\"valueName\":\"search_term_string\"}}],\"inLanguage\":\"en-US\"},{\"@type\":\"Organization\",\"@id\":\"https:\\\/\\\/staging.ugomulas.org\\\/en\\\/#organization\",\"name\":\"Archivio\",\"url\":\"https:\\\/\\\/staging.ugomulas.org\\\/en\\\/\",\"logo\":{\"@type\":\"ImageObject\",\"inLanguage\":\"en-US\",\"@id\":\"https:\\\/\\\/staging.ugomulas.org\\\/en\\\/#\\\/schema\\\/logo\\\/image\\\/\",\"url\":\"https:\\\/\\\/staging.ugomulas.org\\\/wp-content\\\/uploads\\\/2023\\\/02\\\/UGO-Mulas-logo.svg\",\"contentUrl\":\"https:\\\/\\\/staging.ugomulas.org\\\/wp-content\\\/uploads\\\/2023\\\/02\\\/UGO-Mulas-logo.svg\",\"width\":507,\"height\":91,\"caption\":\"Archivio\"},\"image\":{\"@id\":\"https:\\\/\\\/staging.ugomulas.org\\\/en\\\/#\\\/schema\\\/logo\\\/image\\\/\"}}]}<\/script>\n<!-- \/ Yoast SEO plugin. -->","yoast_head_json":{"title":"Privacy - Ugo Mulas","robots":{"index":"noindex","follow":"follow","max-snippet":"max-snippet:-1","max-image-preview":"max-image-preview:large","max-video-preview":"max-video-preview:-1"},"og_locale":"en_US","og_type":"article","og_title":"Privacy - Ugo Mulas","og_description":"Accettazione cookie e privacy policy La presente Informativa si applica esclusivamente alle attivit\u00e0 online del presente sito ed \u00e8 valida per i visitatori del sito. Non si applica alle informazioni raccolte tramite canali diversi dal presente sito web. Lo scopo dell\u2019informativa privacy \u00e8 di fornire la massima trasparenza relativamente alle informazioni che il sito raccoglie [&hellip;]","og_url":"https:\/\/staging.ugomulas.org\/en\/privacy\/","og_site_name":"Ugo Mulas","article_modified_time":"2023-03-11T11:31:29+00:00","twitter_card":"summary_large_image","twitter_misc":{"Est. reading time":"8 minutes"},"schema":{"@context":"https:\/\/schema.org","@graph":[{"@type":"WebPage","@id":"https:\/\/staging.ugomulas.org\/en\/privacy\/","url":"https:\/\/staging.ugomulas.org\/en\/privacy\/","name":"Privacy - Ugo Mulas","isPartOf":{"@id":"https:\/\/staging.ugomulas.org\/en\/#website"},"datePublished":"2023-02-17T13:43:40+00:00","dateModified":"2023-03-11T11:31:29+00:00","breadcrumb":{"@id":"https:\/\/staging.ugomulas.org\/en\/privacy\/#breadcrumb"},"inLanguage":"en-US","potentialAction":[{"@type":"ReadAction","target":["https:\/\/staging.ugomulas.org\/en\/privacy\/"]}]},{"@type":"BreadcrumbList","@id":"https:\/\/staging.ugomulas.org\/en\/privacy\/#breadcrumb","itemListElement":[{"@type":"ListItem","position":1,"name":"Home","item":"https:\/\/staging.ugomulas.org\/en\/"},{"@type":"ListItem","position":2,"name":"Privacy"}]},{"@type":"WebSite","@id":"https:\/\/staging.ugomulas.org\/en\/#website","url":"https:\/\/staging.ugomulas.org\/en\/","name":"Ugo Mulas","description":"Ugo Mulas - archivio","publisher":{"@id":"https:\/\/staging.ugomulas.org\/en\/#organization"},"potentialAction":[{"@type":"SearchAction","target":{"@type":"EntryPoint","urlTemplate":"https:\/\/staging.ugomulas.org\/en\/?s={search_term_string}"},"query-input":{"@type":"PropertyValueSpecification","valueRequired":true,"valueName":"search_term_string"}}],"inLanguage":"en-US"},{"@type":"Organization","@id":"https:\/\/staging.ugomulas.org\/en\/#organization","name":"Archivio","url":"https:\/\/staging.ugomulas.org\/en\/","logo":{"@type":"ImageObject","inLanguage":"en-US","@id":"https:\/\/staging.ugomulas.org\/en\/#\/schema\/logo\/image\/","url":"https:\/\/staging.ugomulas.org\/wp-content\/uploads\/2023\/02\/UGO-Mulas-logo.svg","contentUrl":"https:\/\/staging.ugomulas.org\/wp-content\/uploads\/2023\/02\/UGO-Mulas-logo.svg","width":507,"height":91,"caption":"Archivio"},"image":{"@id":"https:\/\/staging.ugomulas.org\/en\/#\/schema\/logo\/image\/"}}]}},"_links":{"self":[{"href":"https:\/\/staging.ugomulas.org\/en\/wp-json\/wp\/v2\/pages\/3","targetHints":{"allow":["GET"]}}],"collection":[{"href":"https:\/\/staging.ugomulas.org\/en\/wp-json\/wp\/v2\/pages"}],"about":[{"href":"https:\/\/staging.ugomulas.org\/en\/wp-json\/wp\/v2\/types\/page"}],"author":[{"embeddable":true,"href":"https:\/\/staging.ugomulas.org\/en\/wp-json\/wp\/v2\/users\/1"}],"replies":[{"embeddable":true,"href":"https:\/\/staging.ugomulas.org\/en\/wp-json\/wp\/v2\/comments?post=3"}],"version-history":[{"count":23,"href":"https:\/\/staging.ugomulas.org\/en\/wp-json\/wp\/v2\/pages\/3\/revisions"}],"predecessor-version":[{"id":1529,"href":"https:\/\/staging.ugomulas.org\/en\/wp-json\/wp\/v2\/pages\/3\/revisions\/1529"}],"wp:attachment":[{"href":"https:\/\/staging.ugomulas.org\/en\/wp-json\/wp\/v2\/media?parent=3"}],"curies":[{"name":"wp","href":"https:\/\/api.w.org\/{rel}","templated":true}]}}